{"id":71,"date":"2024-01-31T13:20:04","date_gmt":"2024-01-31T13:20:04","guid":{"rendered":"https:\/\/Lederle.digbizmistelbach.info\/?page_id=71"},"modified":"2024-02-16T08:04:22","modified_gmt":"2024-02-16T08:04:22","slug":"futterarten","status":"publish","type":"page","link":"https:\/\/lederle.digbizmistelbach.info\/?page_id=71","title":{"rendered":"Futterarten"},"content":{"rendered":"\n<h1 class=\"wp-block-heading has-text-align-center has-primary-color has-text-color has-link-color has-max-72-font-size wp-elements-33b5f6fed2a2ce80b57548f9071d0d8c\">Futterarten<\/h1>\n\n\n\n<div style=\"height:100px\" aria-hidden=\"true\" class=\"wp-block-spacer\"><\/div>\n\n\n\n<div class=\"wp-block-columns is-layout-flex wp-container-core-columns-layout-1 wp-block-columns-is-layout-flex\">\n<div class=\"wp-block-column is-vertically-aligned-top is-layout-flow wp-block-column-is-layout-flow\">\n<div class=\"wp-block-group has-global-padding is-layout-constrained wp-block-group-is-layout-constrained\">\n<h2 class=\"wp-block-heading has-text-align-center\">Legemehl<\/h2>\n\n\n\n<p class=\"has-text-align-center\">Proteinreiche Erg\u00e4nzung<\/p>\n\n\n\n<p class=\"has-text-align-center\">F\u00f6rdert Eiwei\u00dfproduktion<\/p>\n\n\n\n<p class=\"has-text-align-center\">Enth\u00e4lt wichtige Aminos\u00e4uren, Vitamine und Mineralien<\/p>\n\n\n\n<p class=\"has-text-align-center\">Unterst\u00fctzt das Wachstum und die Gesundheit<\/p>\n\n\n\n<p class=\"has-text-align-center\">Verbessert Legeleistung und Eiqualit\u00e4t<\/p>\n<\/div>\n<\/div>\n\n\n\n<div class=\"wp-block-column is-layout-flow wp-block-column-is-layout-flow\">\n<h2 class=\"wp-block-heading has-text-align-center\">Alleinfutter<\/h2>\n\n\n\n<p class=\"has-text-align-center\">Vollwertige Nahrung f\u00fcr H\u00fchner<\/p>\n\n\n\n<p class=\"has-text-align-center\">Enth\u00e4lt alle notwendigen N\u00e4hrstoffe<\/p>\n\n\n\n<p class=\"has-text-align-center\">Unterst\u00fctzt Wachstum, Legeleistung und Federkleid<\/p>\n\n\n\n<p class=\"has-text-align-center\">Einfache F\u00fctterungsl\u00f6sung<\/p>\n\n\n\n<p class=\"has-text-align-center\">keine weiteren Erg\u00e4nzungen erforderlich<\/p>\n\n\n\n<p class=\"has-text-align-center\">Optimiert f\u00fcr die Gesundheit und Produktivit\u00e4t<\/p>\n<\/div>\n\n\n\n<div class=\"wp-block-column is-layout-flow wp-block-column-is-layout-flow\">\n<h2 class=\"wp-block-heading has-text-align-center\">K\u00fcckenstarter<\/h2>\n\n\n\n<div class=\"wp-block-group has-global-padding is-layout-constrained wp-block-group-is-layout-constrained\">\n<p class=\"has-text-align-center\">Speziell formuliert f\u00fcr die Bed\u00fcrfnisse von K\u00fcken<\/p>\n\n\n\n<p class=\"has-text-align-center\">Hochwertige Quelle f\u00fcr Proteine, Vitamine und Mineralien<\/p>\n\n\n\n<p class=\"has-text-align-center\">F\u00f6rdert gesundes Wachstum und Entwicklung der K\u00fcken<\/p>\n\n\n\n<p class=\"has-text-align-center\">Fein gemahlen f\u00fcr einfache Aufnahme<\/p>\n\n\n\n<p class=\"has-text-align-center\">Essentiell f\u00fcr die fr\u00fche Lebensphase von H\u00fchnerk\u00fcken<\/p>\n<\/div>\n<\/div>\n<\/div>\n\n\n\n<div style=\"height:13px\" aria-hidden=\"true\" class=\"wp-block-spacer\"><\/div>\n\n\n\n<div class=\"wp-block-columns is-layout-flex wp-container-core-columns-layout-2 wp-block-columns-is-layout-flex\">\n<div class=\"wp-block-column is-layout-flow wp-block-column-is-layout-flow\">\n<figure class=\"wp-block-image aligncenter size-full\"><img loading=\"lazy\" decoding=\"async\" width=\"265\" height=\"265\" src=\"https:\/\/lederle.digbizmistelbach.info\/wp-content\/uploads\/2024\/02\/legefutter-1.jpg\" alt=\"\" class=\"wp-image-175\" srcset=\"https:\/\/lederle.digbizmistelbach.info\/wp-content\/uploads\/2024\/02\/legefutter-1.jpg 265w, https:\/\/lederle.digbizmistelbach.info\/wp-content\/uploads\/2024\/02\/legefutter-1-150x150.jpg 150w\" sizes=\"(max-width: 265px) 100vw, 265px\" \/><\/figure>\n<\/div>\n\n\n\n<div class=\"wp-block-column is-layout-flow wp-block-column-is-layout-flow\">\n<figure class=\"wp-block-image aligncenter size-full is-resized\"><img loading=\"lazy\" decoding=\"async\" width=\"500\" height=\"500\" src=\"https:\/\/lederle.digbizmistelbach.info\/wp-content\/uploads\/2024\/02\/alleinfutter-2.jpg\" alt=\"\" class=\"wp-image-174\" style=\"width:261px;height:auto\" srcset=\"https:\/\/lederle.digbizmistelbach.info\/wp-content\/uploads\/2024\/02\/alleinfutter-2.jpg 500w, https:\/\/lederle.digbizmistelbach.info\/wp-content\/uploads\/2024\/02\/alleinfutter-2-300x300.jpg 300w, https:\/\/lederle.digbizmistelbach.info\/wp-content\/uploads\/2024\/02\/alleinfutter-2-150x150.jpg 150w\" sizes=\"(max-width: 500px) 100vw, 500px\" \/><\/figure>\n<\/div>\n\n\n\n<div class=\"wp-block-column is-layout-flow wp-block-column-is-layout-flow\">\n<figure class=\"wp-block-image aligncenter size-full is-resized\"><img loading=\"lazy\" decoding=\"async\" width=\"285\" height=\"285\" src=\"https:\/\/lederle.digbizmistelbach.info\/wp-content\/uploads\/2024\/02\/kueckenstarter-1.jpg\" alt=\"\" class=\"wp-image-173\" style=\"width:263px;height:auto\" srcset=\"https:\/\/lederle.digbizmistelbach.info\/wp-content\/uploads\/2024\/02\/kueckenstarter-1.jpg 285w, https:\/\/lederle.digbizmistelbach.info\/wp-content\/uploads\/2024\/02\/kueckenstarter-1-150x150.jpg 150w\" sizes=\"(max-width: 285px) 100vw, 285px\" \/><\/figure>\n<\/div>\n<\/div>\n\n\n\n<div style=\"height:110px\" aria-hidden=\"true\" class=\"wp-block-spacer\"><\/div>\n\n\n\n<div class=\"wp-block-cover alignwide\"><span aria-hidden=\"true\" class=\"wp-block-cover__background has-background-dim\"><\/span><img loading=\"lazy\" decoding=\"async\" width=\"1024\" height=\"410\" class=\"wp-block-cover__image-background wp-image-206\" alt=\"\" src=\"http:\/\/lederle.digbizmistelbach.info\/wp-content\/uploads\/2024\/02\/futter-1024x410.webp\" data-object-fit=\"cover\" srcset=\"https:\/\/lederle.digbizmistelbach.info\/wp-content\/uploads\/2024\/02\/futter-1024x410.webp 1024w, https:\/\/lederle.digbizmistelbach.info\/wp-content\/uploads\/2024\/02\/futter-300x120.webp 300w, https:\/\/lederle.digbizmistelbach.info\/wp-content\/uploads\/2024\/02\/futter.webp 1110w\" sizes=\"(max-width: 1024px) 100vw, 1024px\" \/><div class=\"wp-block-cover__inner-container is-layout-flow wp-block-cover-is-layout-flow\">\n<p class=\"has-text-align-center has-max-48-font-size\"><strong>Grundregeln: H\u00fchner richtig f\u00fcttern<\/strong><\/p>\n<\/div><\/div>\n\n\n\n<div style=\"height:44px\" aria-hidden=\"true\" class=\"wp-block-spacer\"><\/div>\n\n\n\n<ol style=\"margin-top:0;margin-right:0;margin-bottom:0;margin-left:0;padding-right:var(--wp--preset--spacing--large);padding-left:var(--wp--preset--spacing--large);list-style-type:upper-roman\" class=\"has-medium-font-size\">\n<li class=\"has-medium-font-size\">Den H\u00fchnern muss \u00fcber den ganzen Tag st\u00e4ndig Futter zur freien Aufnahme zur Verf\u00fcgung stehen.<\/li>\n\n\n\n<li class=\"has-medium-font-size\">Fertiges H\u00fchnerfutter wird in einem&nbsp;<a href=\"https:\/\/www.huehner-haltung.de\/berater\/ernaehrung\/futterautomaten-kaufen-tipps\/\" target=\"_blank\" rel=\"noreferrer noopener\">Futterspender<\/a>&nbsp;angeboten, der einen Mehrtagesvorrat aufnimmt.<\/li>\n\n\n\n<li class=\"has-medium-font-size\">Der Futterspender wird w\u00f6chentlich mit klarem Wasser und einem Schwamm gereinigt.<\/li>\n\n\n\n<li class=\"has-medium-font-size\">Wasser wird in einer St\u00fclptr\u00e4nke angeboten, die alle 2-3 Tage gereinigt wird. Das Wasser sollte t\u00e4glich ausgetauscht werden.<\/li>\n<\/ol>\n\n\n\n<div style=\"height:100px\" aria-hidden=\"true\" class=\"wp-block-spacer\"><\/div>\n","protected":false},"excerpt":{"rendered":"<p>Futterarten Legemehl Proteinreiche Erg\u00e4nzung F\u00f6rdert Eiwei\u00dfproduktion Enth\u00e4lt wichtige Aminos\u00e4uren, Vitamine und Mineralien Unterst\u00fctzt das Wachstum und die Gesundheit Verbessert Legeleistung und Eiqualit\u00e4t Alleinfutter Vollwertige Nahrung f\u00fcr H\u00fchner Enth\u00e4lt alle notwendigen N\u00e4hrstoffe Unterst\u00fctzt Wachstum, Legeleistung und Federkleid Einfache F\u00fctterungsl\u00f6sung keine weiteren Erg\u00e4nzungen erforderlich Optimiert f\u00fcr die Gesundheit und Produktivit\u00e4t K\u00fcckenstarter Speziell formuliert f\u00fcr die Bed\u00fcrfnisse von &hellip; <\/p>\n<p class=\"link-more\"><a href=\"https:\/\/lederle.digbizmistelbach.info\/?page_id=71\" class=\"more-link\">Mehr <span class=\"screen-reader-text\">\u00fcber &#8222;Futterarten&#8220; <\/span>Lesen<\/a><\/p>\n","protected":false},"author":1,"featured_media":0,"parent":0,"menu_order":0,"comment_status":"closed","ping_status":"closed","template":"page-templates\/homepage-no-hero.php","meta":{"footnotes":""},"_links":{"self":[{"href":"https:\/\/lederle.digbizmistelbach.info\/index.php?rest_route=\/wp\/v2\/pages\/71"}],"collection":[{"href":"https:\/\/lederle.digbizmistelbach.info\/index.php?rest_route=\/wp\/v2\/pages"}],"about":[{"href":"https:\/\/lederle.digbizmistelbach.info\/index.php?rest_route=\/wp\/v2\/types\/page"}],"author":[{"embeddable":true,"href":"https:\/\/lederle.digbizmistelbach.info\/index.php?rest_route=\/wp\/v2\/users\/1"}],"replies":[{"embeddable":true,"href":"https:\/\/lederle.digbizmistelbach.info\/index.php?rest_route=%2Fwp%2Fv2%2Fcomments&post=71"}],"version-history":[{"count":36,"href":"https:\/\/lederle.digbizmistelbach.info\/index.php?rest_route=\/wp\/v2\/pages\/71\/revisions"}],"predecessor-version":[{"id":220,"href":"https:\/\/lederle.digbizmistelbach.info\/index.php?rest_route=\/wp\/v2\/pages\/71\/revisions\/220"}],"wp:attachment":[{"href":"https:\/\/lederle.digbizmistelbach.info\/index.php?rest_route=%2Fwp%2Fv2%2Fmedia&parent=71"}],"curies":[{"name":"wp","href":"https:\/\/api.w.org\/{rel}","templated":true}]}}