{"id":37,"date":"2024-01-23T10:30:05","date_gmt":"2024-01-23T10:30:05","guid":{"rendered":"https:\/\/Lederle.digbizmistelbach.info\/?page_id=37"},"modified":"2024-02-02T11:09:58","modified_gmt":"2024-02-02T11:09:58","slug":"stall","status":"publish","type":"page","link":"https:\/\/lederle.digbizmistelbach.info\/?page_id=37","title":{"rendered":"Stall"},"content":{"rendered":"\n<p class=\"has-text-align-center has-primary-color has-text-color has-link-color has-max-72-font-size wp-elements-86b5df11864d65be769ccf372b7a5c35\" style=\"font-style:normal;font-weight:800\"><strong>Stall<\/strong><\/p>\n\n\n\n<div style=\"height:75px\" aria-hidden=\"true\" class=\"wp-block-spacer\"><\/div>\n\n\n\n<div class=\"wp-block-columns is-layout-flex wp-container-core-columns-layout-1 wp-block-columns-is-layout-flex\">\n<div class=\"wp-block-column has-lightgrey-background-color has-background is-layout-flow wp-block-column-is-layout-flow\" style=\"border-left-width:3px\">\n<div class=\"wp-block-group has-global-padding is-content-justification-center is-layout-constrained wp-container-core-group-layout-1 wp-block-group-is-layout-constrained\" style=\"margin-top:var(--wp--preset--spacing--x-small);margin-bottom:var(--wp--preset--spacing--x-small);padding-top:var(--wp--preset--spacing--x-small);padding-right:0;padding-bottom:0;padding-left:0\">\n<h4 class=\"wp-block-heading has-text-align-center has-large-font-size\">Gr\u00f6\u00dfe des H\u00fchnerstalls<\/h4>\n\n\n\n<p class=\"has-text-align-center has-medium-font-size\">Als Faustformel f\u00fcr die Grundgr\u00f6\u00dfe (Minimalwert) eines H\u00fchnerstall gilt: Je nach Gr\u00f6\u00dfe der H\u00fchner finden auf einem Quadratmeter Stallfl\u00e4che maximal 3 mittelgro\u00dfe H\u00fchner oder 5 Zwergh\u00fchner Platz.<\/p>\n\n\n\n<h4 class=\"wp-block-heading has-text-align-center has-medium-font-size\" style=\"padding-top:var(--wp--preset--spacing--x-small);padding-right:var(--wp--preset--spacing--small);padding-bottom:var(--wp--preset--spacing--x-small);padding-left:var(--wp--preset--spacing--small)\">Von dieser Fl\u00e4che sollte der Scharrbereich etwa ein Drittel ausmachen und 10 bis 15 cm hoch eingestreut sein.<\/h4>\n<\/div>\n<\/div>\n\n\n\n<div class=\"wp-block-column is-layout-flow wp-block-column-is-layout-flow\">\n<figure class=\"wp-block-image alignfull size-full is-style-default\"><img loading=\"lazy\" decoding=\"async\" width=\"2000\" height=\"1333\" src=\"https:\/\/lederle.digbizmistelbach.info\/wp-content\/uploads\/2024\/02\/Huehnerstall.webp\" alt=\"\" class=\"wp-image-180\" srcset=\"https:\/\/lederle.digbizmistelbach.info\/wp-content\/uploads\/2024\/02\/Huehnerstall.webp 2000w, https:\/\/lederle.digbizmistelbach.info\/wp-content\/uploads\/2024\/02\/Huehnerstall-300x200.webp 300w, https:\/\/lederle.digbizmistelbach.info\/wp-content\/uploads\/2024\/02\/Huehnerstall-1024x682.webp 1024w\" sizes=\"(max-width: 2000px) 100vw, 2000px\" \/><\/figure>\n<\/div>\n<\/div>\n\n\n\n<div style=\"height:104px\" aria-hidden=\"true\" class=\"wp-block-spacer\"><\/div>\n\n\n\n<div class=\"wp-block-columns is-layout-flex wp-container-core-columns-layout-2 wp-block-columns-is-layout-flex\">\n<div class=\"wp-block-column has-global-padding is-layout-constrained wp-block-column-is-layout-constrained\">\n<figure class=\"wp-block-image alignwide size-full\"><img loading=\"lazy\" decoding=\"async\" width=\"1024\" height=\"768\" src=\"https:\/\/lederle.digbizmistelbach.info\/wp-content\/uploads\/2024\/02\/sitzstange.jpg\" alt=\"\" class=\"wp-image-181\" srcset=\"https:\/\/lederle.digbizmistelbach.info\/wp-content\/uploads\/2024\/02\/sitzstange.jpg 1024w, https:\/\/lederle.digbizmistelbach.info\/wp-content\/uploads\/2024\/02\/sitzstange-300x225.jpg 300w\" sizes=\"(max-width: 1024px) 100vw, 1024px\" \/><\/figure>\n<\/div>\n\n\n\n<div class=\"wp-block-column has-global-padding is-layout-constrained wp-block-column-is-layout-constrained\">\n<div class=\"wp-block-group alignwide has-lightgrey-background-color has-background has-global-padding is-layout-constrained wp-container-core-group-layout-2 wp-block-group-is-layout-constrained\" style=\"border-radius:0px;border-top-style:none;border-top-width:0px;border-right-width:3px;border-left-style:none;border-left-width:0px;min-height:540px;margin-top:0;margin-bottom:0;padding-top:90px;padding-right:var(--wp--preset--spacing--small);padding-bottom:50px\">\n<h4 class=\"wp-block-heading has-text-align-center has-large-font-size\">Sitzstangen<\/h4>\n\n\n\n<p class=\"has-text-align-center has-medium-font-size\">Der \u00fcbrige Bereich im H\u00fchnerstall ist den Sitzstangen mit Kotbrett oder \u2013grube vorbehalten. Diese sind in einer H\u00f6he zu montieren, um K\u00e4mpfen um den besten (h\u00f6chsten) Sitzplatz entgegenzuwirken.<\/p>\n\n\n\n<h5 class=\"wp-block-heading has-text-align-center has-medium-font-size\"><strong>Ideale Sitzstangenl\u00e4nge<\/strong><\/h5>\n\n\n\n<p class=\"has-text-align-center has-medium-font-size\"><strong>Pro Huhn m\u00fcssen etwa 25 cm Sitzstange zur Verf\u00fcgung stehen.<\/strong><\/p>\n<\/div>\n<\/div>\n<\/div>\n\n\n\n<div style=\"height:100px\" aria-hidden=\"true\" class=\"wp-block-spacer\"><\/div>\n","protected":false},"excerpt":{"rendered":"<p>Stall Gr\u00f6\u00dfe des H\u00fchnerstalls Als Faustformel f\u00fcr die Grundgr\u00f6\u00dfe (Minimalwert) eines H\u00fchnerstall gilt: Je nach Gr\u00f6\u00dfe der H\u00fchner finden auf einem Quadratmeter Stallfl\u00e4che maximal 3 mittelgro\u00dfe H\u00fchner oder 5 Zwergh\u00fchner Platz. Von dieser Fl\u00e4che sollte der Scharrbereich etwa ein Drittel ausmachen und 10 bis 15 cm hoch eingestreut sein. Sitzstangen Der \u00fcbrige Bereich im H\u00fchnerstall &hellip; <\/p>\n<p class=\"link-more\"><a href=\"https:\/\/lederle.digbizmistelbach.info\/?page_id=37\" class=\"more-link\">Mehr <span class=\"screen-reader-text\">\u00fcber &#8222;Stall&#8220; <\/span>Lesen<\/a><\/p>\n","protected":false},"author":1,"featured_media":0,"parent":0,"menu_order":0,"comment_status":"closed","ping_status":"closed","template":"page-templates\/homepage-no-hero.php","meta":{"footnotes":""},"_links":{"self":[{"href":"https:\/\/lederle.digbizmistelbach.info\/index.php?rest_route=\/wp\/v2\/pages\/37"}],"collection":[{"href":"https:\/\/lederle.digbizmistelbach.info\/index.php?rest_route=\/wp\/v2\/pages"}],"about":[{"href":"https:\/\/lederle.digbizmistelbach.info\/index.php?rest_route=\/wp\/v2\/types\/page"}],"author":[{"embeddable":true,"href":"https:\/\/lederle.digbizmistelbach.info\/index.php?rest_route=\/wp\/v2\/users\/1"}],"replies":[{"embeddable":true,"href":"https:\/\/lederle.digbizmistelbach.info\/index.php?rest_route=%2Fwp%2Fv2%2Fcomments&post=37"}],"version-history":[{"count":26,"href":"https:\/\/lederle.digbizmistelbach.info\/index.php?rest_route=\/wp\/v2\/pages\/37\/revisions"}],"predecessor-version":[{"id":203,"href":"https:\/\/lederle.digbizmistelbach.info\/index.php?rest_route=\/wp\/v2\/pages\/37\/revisions\/203"}],"wp:attachment":[{"href":"https:\/\/lederle.digbizmistelbach.info\/index.php?rest_route=%2Fwp%2Fv2%2Fmedia&parent=37"}],"curies":[{"name":"wp","href":"https:\/\/api.w.org\/{rel}","templated":true}]}}